{"id":55,"date":"2023-11-29T22:16:33","date_gmt":"2023-11-29T21:16:33","guid":{"rendered":"http:\/\/www.movingpowerlab.com\/?page_id=55"},"modified":"2024-02-19T15:21:47","modified_gmt":"2024-02-19T14:21:47","slug":"moving-power-lab","status":"publish","type":"page","link":"https:\/\/www.movingpowerlab.com\/","title":{"rendered":"Moving Power Lab"},"content":{"rendered":"<div id=\"metaslider-id-196\" style=\"width: 100%; margin: 0 auto;\" class=\"ml-slider-3-92-1 metaslider metaslider-flex metaslider-196 ml-slider ms-theme-default nav-hidden\" role=\"region\" aria-roledescription=\"Slideshow\" aria-label=\"Page principale\">\n    <div id=\"metaslider_container_196\">\n        <div id=\"metaslider_196\">\n            <ul class='slides'>\n                <li style=\"display: block; width: 100%;\" class=\"slide-232 ms-image \" aria-roledescription=\"slide\" aria-label=\"slide-232\"><img loading=\"lazy\" decoding=\"async\" width=\"2016\" height=\"1512\" src=\"https:\/\/www.movingpowerlab.com\/wp-content\/uploads\/2024\/02\/Proto-17-Nov-2023.jpg\" class=\"slider-196 slide-232\" alt=\"\" rel=\"\" title=\"Proto 17 Nov 2023\" style=\"margin: 0 auto; width: 57.142857142857%\" srcset=\"https:\/\/www.movingpowerlab.com\/wp-content\/uploads\/2024\/02\/Proto-17-Nov-2023.jpg 2016w, https:\/\/www.movingpowerlab.com\/wp-content\/uploads\/2024\/02\/Proto-17-Nov-2023-300x225.jpg 300w, https:\/\/www.movingpowerlab.com\/wp-content\/uploads\/2024\/02\/Proto-17-Nov-2023-1024x768.jpg 1024w, https:\/\/www.movingpowerlab.com\/wp-content\/uploads\/2024\/02\/Proto-17-Nov-2023-768x576.jpg 768w, https:\/\/www.movingpowerlab.com\/wp-content\/uploads\/2024\/02\/Proto-17-Nov-2023-1536x1152.jpg 1536w, https:\/\/www.movingpowerlab.com\/wp-content\/uploads\/2024\/02\/Proto-17-Nov-2023-450x337.jpg 450w\" sizes=\"auto, (max-width: 2016px) 100vw, 2016px\" \/><\/li>\n                <li style=\"display: none; width: 100%;\" class=\"slide-233 ms-image \" aria-roledescription=\"slide\" aria-label=\"slide-233\"><img loading=\"lazy\" decoding=\"async\" width=\"2048\" height=\"1536\" src=\"https:\/\/www.movingpowerlab.com\/wp-content\/uploads\/2024\/02\/Proto-SCv4.jpeg\" class=\"slider-196 slide-233\" alt=\"\" rel=\"\" title=\"Proto SCv4\" style=\"margin: 0 auto; width: 57.142857142857%\" srcset=\"https:\/\/www.movingpowerlab.com\/wp-content\/uploads\/2024\/02\/Proto-SCv4.jpeg 2048w, https:\/\/www.movingpowerlab.com\/wp-content\/uploads\/2024\/02\/Proto-SCv4-300x225.jpeg 300w, https:\/\/www.movingpowerlab.com\/wp-content\/uploads\/2024\/02\/Proto-SCv4-1024x768.jpeg 1024w, https:\/\/www.movingpowerlab.com\/wp-content\/uploads\/2024\/02\/Proto-SCv4-768x576.jpeg 768w, https:\/\/www.movingpowerlab.com\/wp-content\/uploads\/2024\/02\/Proto-SCv4-1536x1152.jpeg 1536w, https:\/\/www.movingpowerlab.com\/wp-content\/uploads\/2024\/02\/Proto-SCv4-450x337.jpeg 450w\" sizes=\"auto, (max-width: 2048px) 100vw, 2048px\" \/><\/li>\n                <li style=\"display: none; width: 100%;\" class=\"slide-234 ms-image \" aria-roledescription=\"slide\" aria-label=\"slide-234\"><img loading=\"lazy\" decoding=\"async\" width=\"2560\" height=\"1920\" src=\"https:\/\/www.movingpowerlab.com\/wp-content\/uploads\/2024\/02\/20231207_111221-scaled.jpg\" class=\"slider-196 slide-234\" alt=\"\" rel=\"\" title=\"20231207_111221\" style=\"margin: 0 auto; width: 57.142857142857%\" srcset=\"https:\/\/www.movingpowerlab.com\/wp-content\/uploads\/2024\/02\/20231207_111221-scaled.jpg 2560w, https:\/\/www.movingpowerlab.com\/wp-content\/uploads\/2024\/02\/20231207_111221-300x225.jpg 300w, https:\/\/www.movingpowerlab.com\/wp-content\/uploads\/2024\/02\/20231207_111221-1024x768.jpg 1024w, https:\/\/www.movingpowerlab.com\/wp-content\/uploads\/2024\/02\/20231207_111221-768x576.jpg 768w, https:\/\/www.movingpowerlab.com\/wp-content\/uploads\/2024\/02\/20231207_111221-1536x1152.jpg 1536w, https:\/\/www.movingpowerlab.com\/wp-content\/uploads\/2024\/02\/20231207_111221-2048x1536.jpg 2048w, https:\/\/www.movingpowerlab.com\/wp-content\/uploads\/2024\/02\/20231207_111221-scaled-450x337.jpg 450w\" sizes=\"auto, (max-width: 2560px) 100vw, 2560px\" \/><\/li>\n                <li style=\"display: none; width: 100%;\" class=\"slide-333 ms-image \" aria-roledescription=\"slide\" aria-label=\"slide-333\"><img loading=\"lazy\" decoding=\"async\" width=\"636\" height=\"436\" src=\"https:\/\/www.movingpowerlab.com\/wp-content\/uploads\/2023\/11\/Equipe.png\" class=\"slider-196 slide-333\" alt=\"Equipe Moving Power Lab\" rel=\"\" title=\"Equipe Moving Power Lab\" style=\"margin: 0 auto; width: 62.516382699869%\" srcset=\"https:\/\/www.movingpowerlab.com\/wp-content\/uploads\/2023\/11\/Equipe.png 636w, https:\/\/www.movingpowerlab.com\/wp-content\/uploads\/2023\/11\/Equipe-300x206.png 300w\" sizes=\"auto, (max-width: 636px) 100vw, 636px\" \/><\/li>\n                <li style=\"display: none; width: 100%;\" class=\"slide-566 ms-image \" aria-roledescription=\"slide\" aria-label=\"slide-566\"><img loading=\"lazy\" decoding=\"async\" width=\"2560\" height=\"1440\" src=\"https:\/\/www.movingpowerlab.com\/wp-content\/uploads\/2024\/04\/Presentation-scaled.jpg\" class=\"slider-196 slide-566\" alt=\"\" rel=\"\" title=\"Pr\u00e9sentation\" style=\"margin: 0 auto; width: 76.190476190476%\" srcset=\"https:\/\/www.movingpowerlab.com\/wp-content\/uploads\/2024\/04\/Presentation-scaled.jpg 2560w, https:\/\/www.movingpowerlab.com\/wp-content\/uploads\/2024\/04\/Presentation-300x169.jpg 300w, https:\/\/www.movingpowerlab.com\/wp-content\/uploads\/2024\/04\/Presentation-1024x576.jpg 1024w, https:\/\/www.movingpowerlab.com\/wp-content\/uploads\/2024\/04\/Presentation-768x432.jpg 768w, https:\/\/www.movingpowerlab.com\/wp-content\/uploads\/2024\/04\/Presentation-1536x864.jpg 1536w, https:\/\/www.movingpowerlab.com\/wp-content\/uploads\/2024\/04\/Presentation-2048x1152.jpg 2048w\" sizes=\"auto, (max-width: 2560px) 100vw, 2560px\" \/><\/li>\n                <li style=\"display: none; width: 100%;\" class=\"slide-567 ms-image \" aria-roledescription=\"slide\" aria-label=\"slide-567\"><img loading=\"lazy\" decoding=\"async\" width=\"1440\" height=\"2560\" src=\"https:\/\/www.movingpowerlab.com\/wp-content\/uploads\/2024\/04\/Utilisatrice-001-scaled.jpg\" class=\"slider-196 slide-567\" alt=\"\" rel=\"\" title=\"Utilisatrice 001\" style=\"margin: 0 auto; width: 24.107142857143%\" srcset=\"https:\/\/www.movingpowerlab.com\/wp-content\/uploads\/2024\/04\/Utilisatrice-001-scaled.jpg 1440w, https:\/\/www.movingpowerlab.com\/wp-content\/uploads\/2024\/04\/Utilisatrice-001-169x300.jpg 169w, https:\/\/www.movingpowerlab.com\/wp-content\/uploads\/2024\/04\/Utilisatrice-001-576x1024.jpg 576w, https:\/\/www.movingpowerlab.com\/wp-content\/uploads\/2024\/04\/Utilisatrice-001-768x1365.jpg 768w, https:\/\/www.movingpowerlab.com\/wp-content\/uploads\/2024\/04\/Utilisatrice-001-864x1536.jpg 864w, https:\/\/www.movingpowerlab.com\/wp-content\/uploads\/2024\/04\/Utilisatrice-001-1152x2048.jpg 1152w\" sizes=\"auto, (max-width: 1440px) 100vw, 1440px\" \/><\/li>\n                <li style=\"display: none; width: 100%;\" class=\"slide-570 ms-image \" aria-roledescription=\"slide\" aria-label=\"slide-570\"><img loading=\"lazy\" decoding=\"async\" width=\"6000\" height=\"3376\" src=\"https:\/\/www.movingpowerlab.com\/wp-content\/uploads\/2024\/07\/Velo-detoure1.png\" class=\"slider-196 slide-570\" alt=\"\" rel=\"\" title=\"Velo detoure\u03011\" style=\"margin: 0 auto; width: 76.167907921462%\" srcset=\"https:\/\/www.movingpowerlab.com\/wp-content\/uploads\/2024\/07\/Velo-detoure1.png 6000w, https:\/\/www.movingpowerlab.com\/wp-content\/uploads\/2024\/07\/Velo-detoure1-300x169.png 300w, https:\/\/www.movingpowerlab.com\/wp-content\/uploads\/2024\/07\/Velo-detoure1-1024x576.png 1024w, https:\/\/www.movingpowerlab.com\/wp-content\/uploads\/2024\/07\/Velo-detoure1-768x432.png 768w, https:\/\/www.movingpowerlab.com\/wp-content\/uploads\/2024\/07\/Velo-detoure1-1536x864.png 1536w, https:\/\/www.movingpowerlab.com\/wp-content\/uploads\/2024\/07\/Velo-detoure1-2048x1152.png 2048w\" sizes=\"auto, (max-width: 6000px) 100vw, 6000px\" \/><\/li>\n                <li style=\"display: none; width: 100%;\" class=\"slide-573 ms-image \" aria-roledescription=\"slide\" aria-label=\"slide-573\"><img loading=\"lazy\" decoding=\"async\" width=\"1600\" height=\"1200\" src=\"https:\/\/www.movingpowerlab.com\/wp-content\/uploads\/2024\/07\/Sun-Trip-2024-002.jpeg\" class=\"slider-196 slide-573\" alt=\"\" rel=\"\" title=\"Sun Trip 2024 002\" style=\"margin: 0 auto; width: 57.142857142857%\" srcset=\"https:\/\/www.movingpowerlab.com\/wp-content\/uploads\/2024\/07\/Sun-Trip-2024-002.jpeg 1600w, https:\/\/www.movingpowerlab.com\/wp-content\/uploads\/2024\/07\/Sun-Trip-2024-002-300x225.jpeg 300w, https:\/\/www.movingpowerlab.com\/wp-content\/uploads\/2024\/07\/Sun-Trip-2024-002-1024x768.jpeg 1024w, https:\/\/www.movingpowerlab.com\/wp-content\/uploads\/2024\/07\/Sun-Trip-2024-002-768x576.jpeg 768w, https:\/\/www.movingpowerlab.com\/wp-content\/uploads\/2024\/07\/Sun-Trip-2024-002-1536x1152.jpeg 1536w\" sizes=\"auto, (max-width: 1600px) 100vw, 1600px\" \/><\/li>\n                <li style=\"display: none; width: 100%;\" class=\"slide-574 ms-image \" aria-roledescription=\"slide\" aria-label=\"slide-574\"><img loading=\"lazy\" decoding=\"async\" width=\"1600\" height=\"1200\" src=\"https:\/\/www.movingpowerlab.com\/wp-content\/uploads\/2024\/07\/Sun-Trip-2024-001.jpeg\" class=\"slider-196 slide-574\" alt=\"\" rel=\"\" title=\"Sun Trip 2024 001\" style=\"margin: 0 auto; width: 57.142857142857%\" srcset=\"https:\/\/www.movingpowerlab.com\/wp-content\/uploads\/2024\/07\/Sun-Trip-2024-001.jpeg 1600w, https:\/\/www.movingpowerlab.com\/wp-content\/uploads\/2024\/07\/Sun-Trip-2024-001-300x225.jpeg 300w, https:\/\/www.movingpowerlab.com\/wp-content\/uploads\/2024\/07\/Sun-Trip-2024-001-1024x768.jpeg 1024w, https:\/\/www.movingpowerlab.com\/wp-content\/uploads\/2024\/07\/Sun-Trip-2024-001-768x576.jpeg 768w, https:\/\/www.movingpowerlab.com\/wp-content\/uploads\/2024\/07\/Sun-Trip-2024-001-1536x1152.jpeg 1536w\" sizes=\"auto, (max-width: 1600px) 100vw, 1600px\" \/><\/li>\n            <\/ul>\n        <\/div>\n        \n    <\/div>\n<\/div>\n\n\n\n<div class=\"wp-block-columns is-layout-flex wp-container-core-columns-is-layout-9d6595d7 wp-block-columns-is-layout-flex\">\n<div class=\"wp-block-column is-layout-flow wp-block-column-is-layout-flow\"><\/div>\n<\/div>\n\n\n\n<div class=\"wp-block-columns is-layout-flex wp-container-core-columns-is-layout-9d6595d7 wp-block-columns-is-layout-flex\">\n<div class=\"wp-block-column is-layout-flow wp-block-column-is-layout-flow\">\n<div class=\"wp-block-columns is-layout-flex wp-container-core-columns-is-layout-9d6595d7 wp-block-columns-is-layout-flex\">\n<div class=\"wp-block-column is-vertically-aligned-center is-layout-flow wp-block-column-is-layout-flow\" style=\"flex-basis:45%\"><div class=\"wp-block-image\">\n<figure class=\"aligncenter size-large\"><img loading=\"lazy\" decoding=\"async\" width=\"1024\" height=\"113\" src=\"https:\/\/www.movingpowerlab.com\/wp-content\/uploads\/2024\/02\/logo-solar-commuter-1024x113.png\" alt=\"\" class=\"wp-image-289\" srcset=\"https:\/\/www.movingpowerlab.com\/wp-content\/uploads\/2024\/02\/logo-solar-commuter-1024x113.png 1024w, https:\/\/www.movingpowerlab.com\/wp-content\/uploads\/2024\/02\/logo-solar-commuter-300x33.png 300w, https:\/\/www.movingpowerlab.com\/wp-content\/uploads\/2024\/02\/logo-solar-commuter-768x85.png 768w, https:\/\/www.movingpowerlab.com\/wp-content\/uploads\/2024\/02\/logo-solar-commuter-1536x170.png 1536w, https:\/\/www.movingpowerlab.com\/wp-content\/uploads\/2024\/02\/logo-solar-commuter-2048x227.png 2048w\" sizes=\"auto, (max-width: 1024px) 100vw, 1024px\" \/><\/figure>\n<\/div><\/div>\n\n\n\n<div class=\"wp-block-column is-layout-flow wp-block-column-is-layout-flow\" style=\"flex-basis:10%\"><\/div>\n\n\n\n<div class=\"wp-block-column is-vertically-aligned-center is-layout-flow wp-block-column-is-layout-flow\" style=\"flex-basis:45%\">\n<div class=\"wp-block-columns is-layout-flex wp-container-core-columns-is-layout-9d6595d7 wp-block-columns-is-layout-flex\">\n<div class=\"wp-block-column is-layout-flow wp-block-column-is-layout-flow\" style=\"flex-basis:20%\">\n<figure class=\"wp-block-image size-full is-resized\"><img loading=\"lazy\" decoding=\"async\" width=\"670\" height=\"764\" src=\"https:\/\/www.movingpowerlab.com\/wp-content\/uploads\/2024\/02\/Logo-Ademe-2020.jpg\" alt=\"\" class=\"wp-image-321\" style=\"width:80px\" srcset=\"https:\/\/www.movingpowerlab.com\/wp-content\/uploads\/2024\/02\/Logo-Ademe-2020.jpg 670w, https:\/\/www.movingpowerlab.com\/wp-content\/uploads\/2024\/02\/Logo-Ademe-2020-263x300.jpg 263w\" sizes=\"auto, (max-width: 670px) 100vw, 670px\" \/><\/figure>\n<\/div>\n\n\n\n<div class=\"wp-block-column is-layout-flow wp-block-column-is-layout-flow\" style=\"flex-basis:20%\">\n<figure class=\"wp-block-image size-full is-resized\"><img loading=\"lazy\" decoding=\"async\" width=\"501\" height=\"584\" src=\"https:\/\/www.movingpowerlab.com\/wp-content\/uploads\/2024\/02\/Logo-XD.jpeg\" alt=\"\" class=\"wp-image-260\" style=\"width:80px\" srcset=\"https:\/\/www.movingpowerlab.com\/wp-content\/uploads\/2024\/02\/Logo-XD.jpeg 501w, https:\/\/www.movingpowerlab.com\/wp-content\/uploads\/2024\/02\/Logo-XD-257x300.jpeg 257w\" sizes=\"auto, (max-width: 501px) 100vw, 501px\" \/><\/figure>\n<\/div>\n\n\n\n<div class=\"wp-block-column is-vertically-aligned-bottom is-layout-flow wp-block-column-is-layout-flow\" style=\"padding-top:0;padding-right:0;padding-bottom:0;padding-left:0;flex-basis:80%\">\n<h1 class=\"wp-block-heading alignfull has-text-align-center has-nv-dark-bg-color has-nv-site-bg-background-color has-text-color has-background has-link-color wp-elements-edcac77194d5bc3800dc86363c194c40\" style=\"padding-top:0;padding-right:0;padding-bottom:0;padding-left:0\">Extr\u00eame D\u00e9fi<\/h1>\n<\/div>\n<\/div>\n<\/div>\n<\/div>\n\n\n\n<div class=\"wp-block-columns is-layout-flex wp-container-core-columns-is-layout-9d6595d7 wp-block-columns-is-layout-flex\">\n<div class=\"wp-block-column is-vertically-aligned-center is-layout-flow wp-block-column-is-layout-flow\" style=\"flex-basis:45%\">\n<p class=\"has-text-align-center has-nv-dark-bg-color has-text-color has-link-color wp-elements-cbc11ae788f4012ab8c134380c2ad18a\">Le premier v\u00e9lo solaire grand public destin\u00e9 aux mobilit\u00e9s quotidiennes<\/p>\n<\/div>\n\n\n\n<div class=\"wp-block-column is-layout-flow wp-block-column-is-layout-flow\" style=\"flex-basis:10%\"><\/div>\n\n\n\n<div class=\"wp-block-column is-vertically-aligned-center is-layout-flow wp-block-column-is-layout-flow\" style=\"flex-basis:45%\">\n<p class=\"has-text-align-center has-nv-dark-bg-color has-text-color has-link-color wp-elements-063729e6ab3b2d4fca86e0c8483060ab\">Un d\u00e9monstrateur de quadricycle solaire r\u00e9pondant aux crit\u00e8res de l\u2019Extr\u00eame D\u00e9fi de l&rsquo;ADEME<\/p>\n<\/div>\n<\/div>\n\n\n\n<div class=\"wp-block-columns is-layout-flex wp-container-core-columns-is-layout-9d6595d7 wp-block-columns-is-layout-flex\">\n<div class=\"wp-block-column is-vertically-aligned-center is-layout-flow wp-block-column-is-layout-flow\" style=\"flex-basis:45%\">\n<div class=\"wp-block-buttons is-content-justification-center is-layout-flex wp-container-core-buttons-is-layout-16018d1d wp-block-buttons-is-layout-flex\">\n<div class=\"wp-block-button is-style-primary\"><a class=\"wp-block-button__link has-neve-link-color-background-color has-background has-text-align-center wp-element-button\" href=\"https:\/\/www.movingpowerlab.com\/index.php\/2023\/11\/29\/solar-commuter\/\">D\u00e9couvrir SOLAR COMMUTER<\/a><\/div>\n<\/div>\n<\/div>\n\n\n\n<div class=\"wp-block-column is-layout-flow wp-block-column-is-layout-flow\" style=\"flex-basis:10%\"><\/div>\n\n\n\n<div class=\"wp-block-column is-vertically-aligned-center is-layout-flow wp-block-column-is-layout-flow\" style=\"flex-basis:45%\">\n<div class=\"wp-block-buttons is-content-justification-center is-layout-flex wp-container-core-buttons-is-layout-16018d1d wp-block-buttons-is-layout-flex\">\n<div class=\"wp-block-button is-style-primary\"><a class=\"wp-block-button__link has-neve-link-color-background-color has-background wp-element-button\" href=\"https:\/\/www.movingpowerlab.com\/index.php\/2023\/11\/29\/extreme-defi\/\">D\u00e9couvrir notre projet<\/a><\/div>\n<\/div>\n<\/div>\n<\/div>\n<\/div>\n<\/div>\n\n\n\n<div class=\"wp-block-columns is-layout-flex wp-container-core-columns-is-layout-9d6595d7 wp-block-columns-is-layout-flex\">\n<div class=\"wp-block-column has-neve-link-hover-color-background-color has-background is-layout-flow wp-block-column-is-layout-flow\" style=\"padding-top:var(--wp--preset--spacing--30);padding-right:var(--wp--preset--spacing--30);padding-bottom:var(--wp--preset--spacing--30);padding-left:var(--wp--preset--spacing--30)\">\n<h1 class=\"wp-block-heading has-text-align-center has-nv-text-dark-bg-color has-text-color has-link-color wp-elements-84c20168187373dd57df93c767983d52\">L&rsquo;\u00e9quipe Moving Power Lab<\/h1>\n\n\n\n<p class=\"has-nv-text-dark-bg-color has-text-color has-link-color wp-elements-f73bad2a0edeb4f8677a18f1a1a1c9cd\">Une \u00e9quipe aux comp\u00e9tences compl\u00e9mentaires qui partage le m\u00eame ADN. Tous sont cyclistes au quotidien et souhaitent innover pour des mobilit\u00e9s durables  avec des projets tels que Solar Commuter. <\/p>\n\n\n\n<div class=\"wp-block-buttons is-content-justification-center is-layout-flex wp-container-core-buttons-is-layout-16018d1d wp-block-buttons-is-layout-flex\">\n<div class=\"wp-block-button is-style-secondary\"><a class=\"wp-block-button__link has-nv-text-dark-bg-color has-neve-link-color-background-color has-text-color has-background has-link-color has-border-color has-nv-dark-bg-border-color has-text-align-center wp-element-button\" href=\"https:\/\/www.movingpowerlab.com\/index.php\/2023\/11\/29\/qui-sommes-nous\/\" style=\"border-width:2px\">D\u00e9couvrir l&rsquo;\u00e9quipe<\/a><\/div>\n<\/div>\n<\/div>\n<\/div>\n\n\n\n<div class=\"wp-block-group has-neve-link-color-background-color has-background\"><div class=\"wp-block-group__inner-container is-layout-constrained wp-block-group-is-layout-constrained\">\n<h1 class=\"wp-block-heading alignwide has-text-align-center has-nv-text-dark-bg-color has-text-color has-link-color wp-elements-cbc7ab75da687f7d795fec401dd0c203\" style=\"padding-top:var(--wp--preset--spacing--50);padding-right:var(--wp--preset--spacing--60);padding-bottom:0;padding-left:var(--wp--preset--spacing--60)\">Contact<\/h1>\n\n\n\n<p class=\"has-text-align-center has-custom-1-color has-text-color has-link-color wp-elements-8e2bf26e749ee827722715a94047b7d5\">Vous \u00eates une entreprise ou une collectivit\u00e9, vous souhaitez exp\u00e9rimenter la mobilit\u00e9 solaire, contactez nous ! <\/p>\n\n\n\n<div class=\"wp-block-columns is-layout-flex wp-container-core-columns-is-layout-9d6595d7 wp-block-columns-is-layout-flex\">\n<div class=\"wp-block-column is-layout-flow wp-block-column-is-layout-flow\" style=\"flex-basis:5%\"><\/div>\n\n\n\n<div class=\"wp-block-column is-layout-flow wp-block-column-is-layout-flow\">\n<p class=\"has-text-align-center\">  <style id=\"wpforms-css-vars-59\">\n\t\t\t\t#wpforms-59 {\n\t\t\t\t\n\t\t\t}\n\t\t\t<\/style><div class=\"wpforms-container wpforms-container-full wpforms-firstwpforms-one-half wpforms-one-half wpforms-render-modern\" id=\"wpforms-59\"><form id=\"wpforms-form-59\" class=\"wpforms-validate wpforms-form wpforms-ajax-form\" data-formid=\"59\" method=\"post\" enctype=\"multipart\/form-data\" action=\"\/index.php\/wp-json\/wp\/v2\/pages\/55\" data-token=\"29c13bf84c792bcc1a3da87d4c922acd\" data-token-time=\"1776317812\"><noscript class=\"wpforms-error-noscript\">Veuillez activer JavaScript dans votre navigateur pour remplir ce formulaire.<\/noscript><div id=\"wpforms-error-noscript\" style=\"display: none;\">Veuillez activer JavaScript dans votre navigateur pour remplir ce formulaire.<\/div><div class=\"wpforms-field-container\"><div id=\"wpforms-59-field_3-container\" class=\"wpforms-field wpforms-field-text wpforms-one-half wpforms-first\" data-field-id=\"3\"><label class=\"wpforms-field-label\" for=\"wpforms-59-field_3\">Nom <span class=\"wpforms-required-label\" aria-hidden=\"true\">*<\/span><\/label><input type=\"text\" id=\"wpforms-59-field_3\" class=\"wpforms-field-large wpforms-field-required\" name=\"wpforms[fields][3]\" aria-errormessage=\"wpforms-59-field_3-error\" required><\/div><div id=\"wpforms-59-field_1-container\" class=\"wpforms-field wpforms-field-email wpforms-one-half\" data-field-id=\"1\"><label class=\"wpforms-field-label\" for=\"wpforms-59-field_1\">E-mail <span class=\"wpforms-required-label\" aria-hidden=\"true\">*<\/span><\/label><input type=\"email\" id=\"wpforms-59-field_1\" class=\"wpforms-field-large wpforms-field-required\" name=\"wpforms[fields][1]\" spellcheck=\"false\" aria-errormessage=\"wpforms-59-field_1-error\" required><\/div><div id=\"wpforms-59-field_2-container\" class=\"wpforms-field wpforms-field-textarea\" data-field-id=\"2\"><label class=\"wpforms-field-label\" for=\"wpforms-59-field_2\">Message <span class=\"wpforms-required-label\" aria-hidden=\"true\">*<\/span><\/label><textarea id=\"wpforms-59-field_2\" class=\"wpforms-field-medium wpforms-field-required\" name=\"wpforms[fields][2]\" aria-errormessage=\"wpforms-59-field_2-error\" required><\/textarea><\/div><\/div><!-- .wpforms-field-container --><div class=\"wpforms-submit-container\" ><input type=\"hidden\" name=\"wpforms[id]\" value=\"59\"><input type=\"hidden\" name=\"page_title\" value=\"\"><input type=\"hidden\" name=\"page_url\" value=\"https:\/\/www.movingpowerlab.com\/index.php\/wp-json\/wp\/v2\/pages\/55\"><input type=\"hidden\" name=\"url_referer\" value=\"\"><button type=\"submit\" name=\"wpforms[submit]\" id=\"wpforms-submit-59\" class=\"wpforms-submit\" data-alt-text=\"Envoi...\" data-submit-text=\"Envoyer\" aria-live=\"assertive\" value=\"wpforms-submit\">Envoyer<\/button><img loading=\"lazy\" decoding=\"async\" src=\"https:\/\/www.movingpowerlab.com\/wp-content\/plugins\/wpforms-lite\/assets\/images\/submit-spin.svg\" class=\"wpforms-submit-spinner\" style=\"display: none;\" width=\"26\" height=\"26\" alt=\"Chargement en cours\"><\/div><\/form><\/div>  <!-- .wpforms-container --><\/p>\n<\/div>\n\n\n\n<div class=\"wp-block-column is-layout-flow wp-block-column-is-layout-flow\" style=\"flex-basis:5%\"><\/div>\n<\/div>\n<\/div><\/div>\n","protected":false},"excerpt":{"rendered":"<p>Extr\u00eame D\u00e9fi Le premier v\u00e9lo solaire grand public destin\u00e9 aux mobilit\u00e9s quotidiennes Un d\u00e9monstrateur de quadricycle solaire r\u00e9pondant aux crit\u00e8res de l\u2019Extr\u00eame D\u00e9fi de l&rsquo;ADEME L&rsquo;\u00e9quipe Moving Power Lab Une \u00e9quipe aux comp\u00e9tences compl\u00e9mentaires qui partage le m\u00eame ADN. Tous sont cyclistes au quotidien et souhaitent innover pour des mobilit\u00e9s durables avec des projets tels&hellip;&nbsp;<a href=\"https:\/\/www.movingpowerlab.com\/\" rel=\"bookmark\">Lire la suite &raquo;<span class=\"screen-reader-text\">Moving Power Lab<\/span><\/a><\/p>\n","protected":false},"author":5,"featured_media":0,"parent":0,"menu_order":0,"comment_status":"closed","ping_status":"closed","template":"","meta":{"neve_meta_sidebar":"","neve_meta_container":"contained","neve_meta_enable_content_width":"off","neve_meta_content_width":70,"neve_meta_title_alignment":"","neve_meta_author_avatar":"","neve_post_elements_order":"","neve_meta_disable_header":"","neve_meta_disable_footer":"","neve_meta_disable_title":"on","footnotes":""},"class_list":["post-55","page","type-page","status-publish","hentry"],"_links":{"self":[{"href":"https:\/\/www.movingpowerlab.com\/index.php\/wp-json\/wp\/v2\/pages\/55","targetHints":{"allow":["GET"]}}],"collection":[{"href":"https:\/\/www.movingpowerlab.com\/index.php\/wp-json\/wp\/v2\/pages"}],"about":[{"href":"https:\/\/www.movingpowerlab.com\/index.php\/wp-json\/wp\/v2\/types\/page"}],"author":[{"embeddable":true,"href":"https:\/\/www.movingpowerlab.com\/index.php\/wp-json\/wp\/v2\/users\/5"}],"replies":[{"embeddable":true,"href":"https:\/\/www.movingpowerlab.com\/index.php\/wp-json\/wp\/v2\/comments?post=55"}],"version-history":[{"count":101,"href":"https:\/\/www.movingpowerlab.com\/index.php\/wp-json\/wp\/v2\/pages\/55\/revisions"}],"predecessor-version":[{"id":539,"href":"https:\/\/www.movingpowerlab.com\/index.php\/wp-json\/wp\/v2\/pages\/55\/revisions\/539"}],"wp:attachment":[{"href":"https:\/\/www.movingpowerlab.com\/index.php\/wp-json\/wp\/v2\/media?parent=55"}],"curies":[{"name":"wp","href":"https:\/\/api.w.org\/{rel}","templated":true}]}}