{"id":385,"date":"2024-02-14T16:41:21","date_gmt":"2024-02-14T15:41:21","guid":{"rendered":"https:\/\/www.movingpowerlab.com\/?page_id=385"},"modified":"2024-07-03T09:07:44","modified_gmt":"2024-07-03T07:07:44","slug":"solar-commuter","status":"publish","type":"page","link":"https:\/\/www.movingpowerlab.com\/index.php\/solar-commuter\/","title":{"rendered":"Solar Commuter"},"content":{"rendered":"\n<p><\/p>\n\n\n<div class=\"wp-block-image\">\n<figure class=\"aligncenter size-large\"><img loading=\"lazy\" decoding=\"async\" width=\"1024\" height=\"113\" src=\"https:\/\/www.movingpowerlab.com\/wp-content\/uploads\/2024\/02\/logo-solar-commuter-1024x113.png\" alt=\"\" class=\"wp-image-289\" srcset=\"https:\/\/www.movingpowerlab.com\/wp-content\/uploads\/2024\/02\/logo-solar-commuter-1024x113.png 1024w, https:\/\/www.movingpowerlab.com\/wp-content\/uploads\/2024\/02\/logo-solar-commuter-300x33.png 300w, https:\/\/www.movingpowerlab.com\/wp-content\/uploads\/2024\/02\/logo-solar-commuter-768x85.png 768w, https:\/\/www.movingpowerlab.com\/wp-content\/uploads\/2024\/02\/logo-solar-commuter-1536x170.png 1536w, https:\/\/www.movingpowerlab.com\/wp-content\/uploads\/2024\/02\/logo-solar-commuter-2048x227.png 2048w\" sizes=\"auto, (max-width: 1024px) 100vw, 1024px\" \/><\/figure>\n<\/div>\n\n\n<p><\/p>\n\n\n\n<div class=\"wp-block-columns is-layout-flex wp-container-core-columns-is-layout-9d6595d7 wp-block-columns-is-layout-flex\">\n<div class=\"wp-block-column is-layout-flow wp-block-column-is-layout-flow\">\n<figure class=\"wp-block-image size-full\"><img loading=\"lazy\" decoding=\"async\" width=\"2560\" height=\"1920\" src=\"https:\/\/www.movingpowerlab.com\/wp-content\/uploads\/2024\/02\/20231207_111221-scaled.jpg\" alt=\"\" class=\"wp-image-231\" srcset=\"https:\/\/www.movingpowerlab.com\/wp-content\/uploads\/2024\/02\/20231207_111221-scaled.jpg 2560w, https:\/\/www.movingpowerlab.com\/wp-content\/uploads\/2024\/02\/20231207_111221-300x225.jpg 300w, https:\/\/www.movingpowerlab.com\/wp-content\/uploads\/2024\/02\/20231207_111221-1024x768.jpg 1024w, https:\/\/www.movingpowerlab.com\/wp-content\/uploads\/2024\/02\/20231207_111221-768x576.jpg 768w, https:\/\/www.movingpowerlab.com\/wp-content\/uploads\/2024\/02\/20231207_111221-1536x1152.jpg 1536w, https:\/\/www.movingpowerlab.com\/wp-content\/uploads\/2024\/02\/20231207_111221-2048x1536.jpg 2048w, https:\/\/www.movingpowerlab.com\/wp-content\/uploads\/2024\/02\/20231207_111221-scaled-450x337.jpg 450w\" sizes=\"auto, (max-width: 2560px) 100vw, 2560px\" \/><\/figure>\n<\/div>\n\n\n\n<div class=\"wp-block-column is-layout-flow wp-block-column-is-layout-flow\">\n<p><\/p>\n\n\n\n<h2 class=\"wp-block-heading has-text-align-center has-large-font-size\">Le premier v\u00e9lo solaire grand public destin\u00e9 aux mobilit\u00e9s quotidiennes<\/h2>\n\n\n<div class=\"wp-block-image\">\n<figure class=\"aligncenter size-large is-resized\"><img loading=\"lazy\" decoding=\"async\" width=\"1024\" height=\"683\" src=\"https:\/\/www.movingpowerlab.com\/wp-content\/uploads\/2024\/02\/8261-1024x683.jpg\" alt=\"\" class=\"wp-image-315\" style=\"width:400px\" srcset=\"https:\/\/www.movingpowerlab.com\/wp-content\/uploads\/2024\/02\/8261-1024x683.jpg 1024w, https:\/\/www.movingpowerlab.com\/wp-content\/uploads\/2024\/02\/8261-300x200.jpg 300w, https:\/\/www.movingpowerlab.com\/wp-content\/uploads\/2024\/02\/8261-768x512.jpg 768w, https:\/\/www.movingpowerlab.com\/wp-content\/uploads\/2024\/02\/8261-1536x1024.jpg 1536w, https:\/\/www.movingpowerlab.com\/wp-content\/uploads\/2024\/02\/8261-2048x1365.jpg 2048w, https:\/\/www.movingpowerlab.com\/wp-content\/uploads\/2024\/02\/8261-930x620.jpg 930w\" sizes=\"auto, (max-width: 1024px) 100vw, 1024px\" \/><figcaption class=\"wp-element-caption\"><sup><a href=\"https:\/\/fr.freepik.com\/vecteurs-libre\/bus-taxi-cycliste-roulant-route-ville-transport-velo-illustration-vectorielle-plane-voiture-circulation-mode-vie-urbain_10172438.htm#query=mobilite&amp;position=0&amp;from_view=keyword&amp;track=sph&amp;uuid=f1212137-a57f-4ca1-984c-c7deb535a052\">Image de pch.vector<\/a> sur Freepik<\/sup><\/figcaption><\/figure>\n<\/div><\/div>\n<\/div>\n\n\n\n<h2 class=\"wp-block-heading has-text-align-center\">Pour qui ?<\/h2>\n\n\n\n<p class=\"has-text-align-center\">Pour les entreprises et collectivit\u00e9s, pour proposer \u00e0 leurs collaborateurs une solution de mobilit\u00e9 innovante et z\u00e9ro carbone (dans l&rsquo;utilisation). <\/p>\n\n\n\n<h2 class=\"wp-block-heading has-text-align-center\">Pourquoi ?<\/h2>\n\n\n\n<p class=\"has-text-align-center\">Solar Commuter c&rsquo;est une solution de mobilit\u00e9<strong> \u00c9thique, Pratique <\/strong>et <strong>Ludique<\/strong>.<\/p>\n\n\n\n<h2 class=\"wp-block-heading has-text-align-center\">Comment \u00e7a marche ?<\/h2>\n\n\n\n<div class=\"wp-block-columns is-layout-flex wp-container-core-columns-is-layout-9d6595d7 wp-block-columns-is-layout-flex\">\n<div class=\"wp-block-column is-vertically-aligned-center is-layout-flow wp-block-column-is-layout-flow\" style=\"flex-basis:48%\">\n<div class=\"wp-block-columns are-vertically-aligned-center has-border-color has-nv-site-bg-background-color has-background is-layout-flex wp-container-core-columns-is-layout-9d6595d7 wp-block-columns-is-layout-flex\" style=\"border-color:var(--nv-c-2);border-width:4px;border-radius:40px\">\n<div class=\"wp-block-column is-vertically-aligned-center is-layout-flow wp-block-column-is-layout-flow\" style=\"flex-basis:33.33%\">\n<figure class=\"wp-block-image size-full is-resized\"><img loading=\"lazy\" decoding=\"async\" width=\"512\" height=\"512\" src=\"https:\/\/www.movingpowerlab.com\/wp-content\/uploads\/2023\/11\/season-1.png\" alt=\"\" class=\"wp-image-44\" style=\"width:auto;height:150px\" srcset=\"https:\/\/www.movingpowerlab.com\/wp-content\/uploads\/2023\/11\/season-1.png 512w, https:\/\/www.movingpowerlab.com\/wp-content\/uploads\/2023\/11\/season-1-300x300.png 300w, https:\/\/www.movingpowerlab.com\/wp-content\/uploads\/2023\/11\/season-1-150x150.png 150w\" sizes=\"auto, (max-width: 512px) 100vw, 512px\" \/><\/figure>\n<\/div>\n\n\n\n<div class=\"wp-block-column is-vertically-aligned-center is-layout-flow wp-block-column-is-layout-flow\" style=\"flex-basis:66.66%\">\n<p class=\"has-text-align-center\">Solar Commuter, c&rsquo;est facile : on roule, on le gare au soleil, on repart, il est suffisamment charg\u00e9 pour couvrir la majorit\u00e9 des d\u00e9placements quotidiens.<\/p>\n\n\n\n<p class=\"has-text-align-center\"> Solar Commuter fonctionnera 4 saisons sur 4 autour de l\u2019arc m\u00e9diterran\u00e9en et 3 saisons sur 4 dans le reste de l\u2019Europe.<\/p>\n<\/div>\n<\/div>\n<\/div>\n\n\n\n<div class=\"wp-block-column is-vertically-aligned-center is-layout-flow wp-block-column-is-layout-flow\" style=\"flex-basis:48%\">\n<div class=\"wp-block-columns are-vertically-aligned-center has-border-color has-nv-site-bg-background-color has-background is-layout-flex wp-container-core-columns-is-layout-9d6595d7 wp-block-columns-is-layout-flex\" style=\"border-color:var(--nv-c-2);border-width:4px;border-radius:40px\">\n<div class=\"wp-block-column is-vertically-aligned-center is-layout-flow wp-block-column-is-layout-flow\" style=\"flex-basis:33.33%\">\n<figure class=\"wp-block-image size-full is-resized\"><img loading=\"lazy\" decoding=\"async\" width=\"512\" height=\"512\" src=\"https:\/\/www.movingpowerlab.com\/wp-content\/uploads\/2023\/11\/bike-path.png\" alt=\"\" class=\"wp-image-45\" style=\"width:auto;height:150px\" srcset=\"https:\/\/www.movingpowerlab.com\/wp-content\/uploads\/2023\/11\/bike-path.png 512w, https:\/\/www.movingpowerlab.com\/wp-content\/uploads\/2023\/11\/bike-path-300x300.png 300w, https:\/\/www.movingpowerlab.com\/wp-content\/uploads\/2023\/11\/bike-path-150x150.png 150w\" sizes=\"auto, (max-width: 512px) 100vw, 512px\" \/><\/figure>\n<\/div>\n\n\n\n<div class=\"wp-block-column is-vertically-aligned-center is-layout-flow wp-block-column-is-layout-flow\" style=\"flex-basis:66.66%\">\n<p><\/p>\n\n\n\n<p>Solar Commuter c&rsquo;est 10 \u00e0 50 km d&rsquo;autonomie solaire quotidienne  !<\/p>\n\n\n\n<p class=\"has-text-align-center\">La puissance d\u00e9livr\u00e9e par notre syst\u00e8me permet de parcourir th\u00e9oriquement jusqu\u2019\u00e0 6 000 km par an.<\/p>\n\n\n\n<p> <\/p>\n<\/div>\n<\/div>\n<\/div>\n<\/div>\n\n\n\n<div class=\"wp-block-columns is-layout-flex wp-container-core-columns-is-layout-9d6595d7 wp-block-columns-is-layout-flex\">\n<div class=\"wp-block-column is-layout-flow wp-block-column-is-layout-flow\" style=\"flex-basis:40%\">\n<div class=\"wp-block-columns are-vertically-aligned-center has-border-color has-nv-site-bg-background-color has-background is-layout-flex wp-container-core-columns-is-layout-9d6595d7 wp-block-columns-is-layout-flex\" style=\"border-color:var(--nv-c-2);border-width:4px;border-radius:40px\">\n<div class=\"wp-block-column is-vertically-aligned-center is-layout-flow wp-block-column-is-layout-flow\" style=\"flex-basis:33.33%\">\n<figure class=\"wp-block-image size-full is-resized\"><img loading=\"lazy\" decoding=\"async\" width=\"512\" height=\"512\" src=\"https:\/\/www.movingpowerlab.com\/wp-content\/uploads\/2023\/11\/solar-energy.png\" alt=\"\" class=\"wp-image-46\" style=\"width:auto;height:150px\" srcset=\"https:\/\/www.movingpowerlab.com\/wp-content\/uploads\/2023\/11\/solar-energy.png 512w, https:\/\/www.movingpowerlab.com\/wp-content\/uploads\/2023\/11\/solar-energy-300x300.png 300w, https:\/\/www.movingpowerlab.com\/wp-content\/uploads\/2023\/11\/solar-energy-150x150.png 150w\" sizes=\"auto, (max-width: 512px) 100vw, 512px\" \/><\/figure>\n<\/div>\n\n\n\n<div class=\"wp-block-column is-vertically-aligned-center is-layout-flow wp-block-column-is-layout-flow\" style=\"flex-basis:66.66%\">\n<p>Notre syst\u00e8me se fixe sur un v\u00e9lo \u00e0 assistance \u00e9lectrique standard du march\u00e9. Le syst\u00e8me photovolta\u00efque permet de recharger la batterie du v\u00e9lo.<\/p>\n<\/div>\n<\/div>\n<\/div>\n\n\n\n<div class=\"wp-block-column is-layout-flow wp-block-column-is-layout-flow\"><div class=\"wp-block-image\">\n<figure class=\"aligncenter size-large is-resized\"><img loading=\"lazy\" decoding=\"async\" width=\"445\" height=\"445\" src=\"https:\/\/www.movingpowerlab.com\/wp-content\/uploads\/2024\/02\/Patent-Pending-edited.png\" alt=\"\" class=\"wp-image-489\" style=\"width:203px;height:auto\" srcset=\"https:\/\/www.movingpowerlab.com\/wp-content\/uploads\/2024\/02\/Patent-Pending-edited.png 445w, https:\/\/www.movingpowerlab.com\/wp-content\/uploads\/2024\/02\/Patent-Pending-edited-300x300.png 300w, https:\/\/www.movingpowerlab.com\/wp-content\/uploads\/2024\/02\/Patent-Pending-edited-150x150.png 150w\" sizes=\"auto, (max-width: 445px) 100vw, 445px\" \/><\/figure>\n<\/div><\/div>\n\n\n\n<div class=\"wp-block-column is-layout-flow wp-block-column-is-layout-flow\" style=\"flex-basis:40%\">\n<div class=\"wp-block-columns are-vertically-aligned-center has-border-color has-nv-site-bg-background-color has-background is-layout-flex wp-container-core-columns-is-layout-9d6595d7 wp-block-columns-is-layout-flex\" style=\"border-color:var(--nv-c-2);border-width:4px;border-radius:40px\">\n<div class=\"wp-block-column is-vertically-aligned-center is-layout-flow wp-block-column-is-layout-flow\" style=\"flex-basis:33.33%\">\n<figure class=\"wp-block-image size-full is-resized\"><img loading=\"lazy\" decoding=\"async\" width=\"512\" height=\"512\" src=\"https:\/\/www.movingpowerlab.com\/wp-content\/uploads\/2023\/11\/turn-signal.png\" alt=\"\" class=\"wp-image-47\" style=\"width:auto;height:150px\" srcset=\"https:\/\/www.movingpowerlab.com\/wp-content\/uploads\/2023\/11\/turn-signal.png 512w, https:\/\/www.movingpowerlab.com\/wp-content\/uploads\/2023\/11\/turn-signal-300x300.png 300w, https:\/\/www.movingpowerlab.com\/wp-content\/uploads\/2023\/11\/turn-signal-150x150.png 150w\" sizes=\"auto, (max-width: 512px) 100vw, 512px\" \/><\/figure>\n<\/div>\n\n\n\n<div class=\"wp-block-column is-vertically-aligned-center is-layout-flow wp-block-column-is-layout-flow\" style=\"flex-basis:66.66%\">\n<p>Solar Commuter inclut un syst\u00e8me de clignotants et de feux de position pour am\u00e9liorer votre s\u00e9curit\u00e9.<\/p>\n<\/div>\n<\/div>\n<\/div>\n<\/div>\n\n\n\n<h2 class=\"wp-block-heading has-text-align-center\">C&rsquo;est pour quand ?<\/h2>\n\n\n\n<p class=\"has-text-align-center\">Bient\u00f4t ! Tr\u00e8s vite ! Coming soon ! Ma\u00f1ana ! Presto ! Bald !  \u043f\u043e\u0447\u0442\u0438 ! \u0639\u0645\u0627 \u0642\u0631\u064a\u0628<\/p>\n\n\n\n<p class=\"has-text-align-center\">Prochaine \u00e9tape, dans quelques semaines, la pr\u00e9s\u00e9rie qui sera mise en circulation parmi des entreprises et collectivit\u00e9s de Sophia-Antipolis.<\/p>\n","protected":false},"excerpt":{"rendered":"<p>Le premier v\u00e9lo solaire grand public destin\u00e9 aux mobilit\u00e9s quotidiennes Pour qui ? Pour les entreprises et collectivit\u00e9s, pour proposer \u00e0 leurs collaborateurs une solution de mobilit\u00e9 innovante et z\u00e9ro carbone (dans l&rsquo;utilisation). Pourquoi ? Solar Commuter c&rsquo;est une solution de mobilit\u00e9 \u00c9thique, Pratique et Ludique. Comment \u00e7a marche ? Solar Commuter, c&rsquo;est facile :&hellip;&nbsp;<a href=\"https:\/\/www.movingpowerlab.com\/index.php\/solar-commuter\/\" rel=\"bookmark\">Lire la suite &raquo;<span class=\"screen-reader-text\">Solar Commuter<\/span><\/a><\/p>\n","protected":false},"author":5,"featured_media":0,"parent":0,"menu_order":0,"comment_status":"closed","ping_status":"closed","template":"","meta":{"neve_meta_sidebar":"","neve_meta_container":"","neve_meta_enable_content_width":"","neve_meta_content_width":0,"neve_meta_title_alignment":"","neve_meta_author_avatar":"","neve_post_elements_order":"","neve_meta_disable_header":"","neve_meta_disable_footer":"","neve_meta_disable_title":"","footnotes":""},"class_list":["post-385","page","type-page","status-publish","hentry"],"_links":{"self":[{"href":"https:\/\/www.movingpowerlab.com\/index.php\/wp-json\/wp\/v2\/pages\/385","targetHints":{"allow":["GET"]}}],"collection":[{"href":"https:\/\/www.movingpowerlab.com\/index.php\/wp-json\/wp\/v2\/pages"}],"about":[{"href":"https:\/\/www.movingpowerlab.com\/index.php\/wp-json\/wp\/v2\/types\/page"}],"author":[{"embeddable":true,"href":"https:\/\/www.movingpowerlab.com\/index.php\/wp-json\/wp\/v2\/users\/5"}],"replies":[{"embeddable":true,"href":"https:\/\/www.movingpowerlab.com\/index.php\/wp-json\/wp\/v2\/comments?post=385"}],"version-history":[{"count":35,"href":"https:\/\/www.movingpowerlab.com\/index.php\/wp-json\/wp\/v2\/pages\/385\/revisions"}],"predecessor-version":[{"id":589,"href":"https:\/\/www.movingpowerlab.com\/index.php\/wp-json\/wp\/v2\/pages\/385\/revisions\/589"}],"wp:attachment":[{"href":"https:\/\/www.movingpowerlab.com\/index.php\/wp-json\/wp\/v2\/media?parent=385"}],"curies":[{"name":"wp","href":"https:\/\/api.w.org\/{rel}","templated":true}]}}